{"id":619,"date":"2022-10-27T05:32:30","date_gmt":"2022-10-27T05:32:30","guid":{"rendered":"http:\/\/localhost\/fundacion\/?page_id=619"},"modified":"2026-03-10T17:25:06","modified_gmt":"2026-03-10T23:25:06","slug":"prosarin","status":"publish","type":"page","link":"https:\/\/fundaciongloriakriete.org\/en_us\/prosarin\/","title":{"rendered":"Prosar\u00edn"},"content":{"rendered":"<div data-elementor-type=\"wp-page\" data-elementor-id=\"619\" class=\"elementor elementor-619\" data-elementor-post-type=\"page\">\n\t\t\t\t\t\t<section class=\"elementor-section elementor-top-section elementor-element elementor-element-120ebfd elementor-section-full_width elementor-section-height-default elementor-section-height-default\" data-id=\"120ebfd\" data-element_type=\"section\">\n\t\t\t\t\t\t<div class=\"elementor-container elementor-column-gap-default\">\n\t\t\t\t\t<div class=\"elementor-column elementor-col-100 elementor-top-column elementor-element elementor-element-68ee1c85\" data-id=\"68ee1c85\" data-element_type=\"column\">\n\t\t\t<div class=\"elementor-widget-wrap elementor-element-populated\">\n\t\t\t\t\t\t<div class=\"elementor-element elementor-element-14297171 elementor--h-position-center elementor--v-position-middle elementor-arrows-position-inside elementor-pagination-position-inside elementor-widget elementor-widget-slides\" data-id=\"14297171\" data-element_type=\"widget\" data-settings=\"{&quot;navigation&quot;:&quot;both&quot;,&quot;autoplay&quot;:&quot;yes&quot;,&quot;pause_on_hover&quot;:&quot;yes&quot;,&quot;pause_on_interaction&quot;:&quot;yes&quot;,&quot;autoplay_speed&quot;:5000,&quot;infinite&quot;:&quot;yes&quot;,&quot;transition&quot;:&quot;slide&quot;,&quot;transition_speed&quot;:500}\" data-widget_type=\"slides.default\">\n\t\t\t\t<div class=\"elementor-widget-container\">\n\t\t\t\t\t\t\t\t\t<div class=\"elementor-swiper\">\n\t\t\t\t\t<div class=\"elementor-slides-wrapper elementor-main-swiper swiper\" role=\"region\" aria-roledescription=\"carousel\" aria-label=\"Diapositivas\" dir=\"ltr\" data-animation=\"fadeInUp\">\n\t\t\t\t<div class=\"swiper-wrapper elementor-slides\">\n\t\t\t\t\t\t\t\t\t\t<div class=\"elementor-repeater-item-f0d8531 swiper-slide\" role=\"group\" aria-roledescription=\"slide\"><div class=\"swiper-slide-bg\" role=\"img\"><\/div><div class=\"swiper-slide-inner\" ><div class=\"swiper-slide-contents\"><div class=\"elementor-slide-heading\">PROSARIN CON AGAPE<\/div><\/div><\/div><\/div>\t\t\t\t<\/div>\n\t\t\t\t\t\t\t<\/div>\n\t\t\t\t<\/div>\n\t\t\t\t\t\t\t\t<\/div>\n\t\t\t\t<\/div>\n\t\t\t\t\t<\/div>\n\t\t<\/div>\n\t\t\t\t\t<\/div>\n\t\t<\/section>\n\t\t\t\t<section class=\"elementor-section elementor-top-section elementor-element elementor-element-5e5bd1c0 elementor-section-content-middle elementor-section-full_width elementor-section-height-default elementor-section-height-default\" data-id=\"5e5bd1c0\" data-element_type=\"section\">\n\t\t\t\t\t\t<div class=\"elementor-container elementor-column-gap-no\">\n\t\t\t\t\t<div class=\"elementor-column elementor-col-50 elementor-top-column elementor-element elementor-element-454335c7\" data-id=\"454335c7\" data-element_type=\"column\">\n\t\t\t<div class=\"elementor-widget-wrap elementor-element-populated\">\n\t\t\t\t\t\t<div class=\"elementor-element elementor-element-7c4e95e elementor-widget elementor-widget-image\" data-id=\"7c4e95e\" data-element_type=\"widget\" data-widget_type=\"image.default\">\n\t\t\t\t<div class=\"elementor-widget-container\">\n\t\t\t\t\t\t\t\t\t\t\t\t\t\t\t<img fetchpriority=\"high\" decoding=\"async\" width=\"800\" height=\"450\" src=\"https:\/\/fundaciongloriakriete.org\/wp-content\/uploads\/2026\/03\/PROSARIN.jpg\" class=\"attachment-large size-large wp-image-20088\" alt=\"\" srcset=\"https:\/\/fundaciongloriakriete.org\/wp-content\/uploads\/2026\/03\/PROSARIN.jpg 1024w, https:\/\/fundaciongloriakriete.org\/wp-content\/uploads\/2026\/03\/PROSARIN-300x169.jpg 300w, https:\/\/fundaciongloriakriete.org\/wp-content\/uploads\/2026\/03\/PROSARIN-768x432.jpg 768w, https:\/\/fundaciongloriakriete.org\/wp-content\/uploads\/2026\/03\/PROSARIN-18x10.jpg 18w\" sizes=\"(max-width: 800px) 100vw, 800px\" \/>\t\t\t\t\t\t\t\t\t\t\t\t\t\t\t<\/div>\n\t\t\t\t<\/div>\n\t\t\t\t\t<\/div>\n\t\t<\/div>\n\t\t\t\t<div class=\"elementor-column elementor-col-50 elementor-top-column elementor-element elementor-element-7c6ee240\" data-id=\"7c6ee240\" data-element_type=\"column\">\n\t\t\t<div class=\"elementor-widget-wrap elementor-element-populated\">\n\t\t\t\t\t\t<div class=\"elementor-element elementor-element-7c85752a elementor-widget elementor-widget-text-editor\" data-id=\"7c85752a\" data-element_type=\"widget\" data-widget_type=\"text-editor.default\">\n\t\t\t\t<div class=\"elementor-widget-container\">\n\t\t\t\t\t\t\t\t\t<p><span data-contrast=\"none\">El programa de salud rural integral, presente durante m\u00e1s de 30 a\u00f1os en comunidades de Sonsonate, Ahuachap\u00e1n y La Uni\u00f3n, genera un impacto positivo en sus beneficiarios. Se enfoca en la atenci\u00f3n preventiva a lo largo del ciclo de vida, desde controles prenatales y cuidados postnatales hasta seguimientos en la infancia y orientaci\u00f3n a adolescentes sobre prevenci\u00f3n de drogas, enfermedades de transmisi\u00f3n sexual y embarazo precoz. Tambi\u00e9n concientiza a las mujeres sobre el c\u00e1ncer de c\u00e9rvix y mama, y brinda atenci\u00f3n al adulto mayor para manejar enfermedades cr\u00f3nicas y prevenir la ceguera por cataratas. Adem\u00e1s, coordina con Unidades de Salud para la aplicaci\u00f3n oportuna de vacunas y atiende a personas con discapacidad, proporcionando dispositivos de apoyo cuando es necesario. El programa tambi\u00e9n detecta y refiere problemas de salud mental, asegurando un enfoque integral en la atenci\u00f3n de la salud.<\/span><span data-ccp-props=\"{&quot;335559685&quot;:0}\">\u00a0<\/span><\/p>\t\t\t\t\t\t\t\t<\/div>\n\t\t\t\t<\/div>\n\t\t\t\t<div class=\"elementor-element elementor-element-62c69b7a elementor-tablet-align-right elementor-mobile-align-center elementor-widget elementor-widget-button\" data-id=\"62c69b7a\" data-element_type=\"widget\" data-widget_type=\"button.default\">\n\t\t\t\t<div class=\"elementor-widget-container\">\n\t\t\t\t\t\t\t\t\t<div class=\"elementor-button-wrapper\">\n\t\t\t\t\t<a class=\"elementor-button elementor-button-link elementor-size-sm\" href=\"https:\/\/agapesv.com\/micrositio-salud-rural\/\" target=\"_blank\">\n\t\t\t\t\t\t<span class=\"elementor-button-content-wrapper\">\n\t\t\t\t\t\t\t\t\t<span class=\"elementor-button-text\">Read more<\/span>\n\t\t\t\t\t<\/span>\n\t\t\t\t\t<\/a>\n\t\t\t\t<\/div>\n\t\t\t\t\t\t\t\t<\/div>\n\t\t\t\t<\/div>\n\t\t\t\t\t<\/div>\n\t\t<\/div>\n\t\t\t\t\t<\/div>\n\t\t<\/section>\n\t\t\t\t<section class=\"elementor-section elementor-top-section elementor-element elementor-element-222db4f6 elementor-section-content-middle elementor-section-full_width elementor-section-height-default elementor-section-height-default\" data-id=\"222db4f6\" data-element_type=\"section\" data-settings=\"{&quot;background_background&quot;:&quot;classic&quot;}\">\n\t\t\t\t\t\t<div class=\"elementor-container elementor-column-gap-no\">\n\t\t\t\t\t<div class=\"elementor-column elementor-col-100 elementor-top-column elementor-element elementor-element-76943ce1\" data-id=\"76943ce1\" data-element_type=\"column\">\n\t\t\t<div class=\"elementor-widget-wrap elementor-element-populated\">\n\t\t\t\t\t\t<div class=\"elementor-element elementor-element-628af3ea elementor-widget elementor-widget-heading\" data-id=\"628af3ea\" data-element_type=\"widget\" data-widget_type=\"heading.default\">\n\t\t\t\t<div class=\"elementor-widget-container\">\n\t\t\t\t\t<h3 class=\"elementor-heading-title elementor-size-default\">Nuestro Impacto<\/h3>\t\t\t\t<\/div>\n\t\t\t\t<\/div>\n\t\t\t\t<div class=\"elementor-element elementor-element-cfc4b69 elementor-widget elementor-widget-heading\" data-id=\"cfc4b69\" data-element_type=\"widget\" data-widget_type=\"heading.default\">\n\t\t\t\t<div class=\"elementor-widget-container\">\n\t\t\t\t\t<h3 class=\"elementor-heading-title elementor-size-default\">2025<\/h3>\t\t\t\t<\/div>\n\t\t\t\t<\/div>\n\t\t\t\t<section class=\"elementor-section elementor-inner-section elementor-element elementor-element-6320717a elementor-section-full_width elementor-section-height-default elementor-section-height-default\" data-id=\"6320717a\" data-element_type=\"section\">\n\t\t\t\t\t\t<div class=\"elementor-container elementor-column-gap-no\">\n\t\t\t\t\t<div class=\"elementor-column elementor-col-33 elementor-inner-column elementor-element elementor-element-47e7b07e\" data-id=\"47e7b07e\" data-element_type=\"column\">\n\t\t\t<div class=\"elementor-widget-wrap elementor-element-populated\">\n\t\t\t\t\t\t<div class=\"elementor-element elementor-element-66822433 elementor-widget elementor-widget-counter\" data-id=\"66822433\" data-element_type=\"widget\" data-widget_type=\"counter.default\">\n\t\t\t\t<div class=\"elementor-widget-container\">\n\t\t\t\t\t\t\t<div class=\"elementor-counter\">\n\t\t\t\t\t\t<div class=\"elementor-counter-number-wrapper\">\n\t\t\t\t<span class=\"elementor-counter-number-prefix\">+<\/span>\n\t\t\t\t<span class=\"elementor-counter-number\" data-duration=\"2000\" data-to-value=\"28\" data-from-value=\"1\" data-delimiter=\",\">1<\/span>\n\t\t\t\t<span class=\"elementor-counter-number-suffix\">K<\/span>\n\t\t\t<\/div>\n\t\t<\/div>\n\t\t\t\t\t\t<\/div>\n\t\t\t\t<\/div>\n\t\t\t\t<div class=\"elementor-element elementor-element-3870c05c elementor-widget__width-initial elementor-widget elementor-widget-heading\" data-id=\"3870c05c\" data-element_type=\"widget\" data-widget_type=\"heading.default\">\n\t\t\t\t<div class=\"elementor-widget-container\">\n\t\t\t\t\t<h5 class=\"elementor-heading-title elementor-size-default\">Visitas domiciliarias<\/h5>\t\t\t\t<\/div>\n\t\t\t\t<\/div>\n\t\t\t\t\t<\/div>\n\t\t<\/div>\n\t\t\t\t<div class=\"elementor-column elementor-col-33 elementor-inner-column elementor-element elementor-element-7a41454d\" data-id=\"7a41454d\" data-element_type=\"column\">\n\t\t\t<div class=\"elementor-widget-wrap elementor-element-populated\">\n\t\t\t\t\t\t<div class=\"elementor-element elementor-element-52b34212 elementor-widget elementor-widget-counter\" data-id=\"52b34212\" data-element_type=\"widget\" data-widget_type=\"counter.default\">\n\t\t\t\t<div class=\"elementor-widget-container\">\n\t\t\t\t\t\t\t<div class=\"elementor-counter\">\n\t\t\t\t\t\t<div class=\"elementor-counter-number-wrapper\">\n\t\t\t\t<span class=\"elementor-counter-number-prefix\">+<\/span>\n\t\t\t\t<span class=\"elementor-counter-number\" data-duration=\"2000\" data-to-value=\"1.8\" data-from-value=\"1\" data-delimiter=\",\">1<\/span>\n\t\t\t\t<span class=\"elementor-counter-number-suffix\">K<\/span>\n\t\t\t<\/div>\n\t\t<\/div>\n\t\t\t\t\t\t<\/div>\n\t\t\t\t<\/div>\n\t\t\t\t<div class=\"elementor-element elementor-element-2a9aa6a elementor-widget__width-initial elementor-widget elementor-widget-heading\" data-id=\"2a9aa6a\" data-element_type=\"widget\" data-widget_type=\"heading.default\">\n\t\t\t\t<div class=\"elementor-widget-container\">\n\t\t\t\t\t<h5 class=\"elementor-heading-title elementor-size-default\">Atenci\u00f3n en telemedicina<\/h5>\t\t\t\t<\/div>\n\t\t\t\t<\/div>\n\t\t\t\t\t<\/div>\n\t\t<\/div>\n\t\t\t\t<div class=\"elementor-column elementor-col-33 elementor-inner-column elementor-element elementor-element-5c6fdce7\" data-id=\"5c6fdce7\" data-element_type=\"column\">\n\t\t\t<div class=\"elementor-widget-wrap elementor-element-populated\">\n\t\t\t\t\t\t<div class=\"elementor-element elementor-element-155a268a elementor-widget elementor-widget-counter\" data-id=\"155a268a\" data-element_type=\"widget\" data-widget_type=\"counter.default\">\n\t\t\t\t<div class=\"elementor-widget-container\">\n\t\t\t\t\t\t\t<div class=\"elementor-counter\">\n\t\t\t\t\t\t<div class=\"elementor-counter-number-wrapper\">\n\t\t\t\t<span class=\"elementor-counter-number-prefix\">+<\/span>\n\t\t\t\t<span class=\"elementor-counter-number\" data-duration=\"2000\" data-to-value=\"1.7\" data-from-value=\"1\" data-delimiter=\",\">1<\/span>\n\t\t\t\t<span class=\"elementor-counter-number-suffix\">K<\/span>\n\t\t\t<\/div>\n\t\t<\/div>\n\t\t\t\t\t\t<\/div>\n\t\t\t\t<\/div>\n\t\t\t\t<div class=\"elementor-element elementor-element-c03a08d elementor-widget__width-initial elementor-widget elementor-widget-heading\" data-id=\"c03a08d\" data-element_type=\"widget\" data-widget_type=\"heading.default\">\n\t\t\t\t<div class=\"elementor-widget-container\">\n\t\t\t\t\t<h5 class=\"elementor-heading-title elementor-size-default\">Charlas educativas en salud preventiva<\/h5>\t\t\t\t<\/div>\n\t\t\t\t<\/div>\n\t\t\t\t\t<\/div>\n\t\t<\/div>\n\t\t\t\t\t<\/div>\n\t\t<\/section>\n\t\t\t\t\t<\/div>\n\t\t<\/div>\n\t\t\t\t\t<\/div>\n\t\t<\/section>\n\t\t\t\t<section class=\"elementor-section elementor-top-section elementor-element elementor-element-5cef201e elementor-section-full_width elementor-section-height-default elementor-section-height-default\" data-id=\"5cef201e\" data-element_type=\"section\">\n\t\t\t\t\t\t<div class=\"elementor-container elementor-column-gap-default\">\n\t\t\t\t\t<div class=\"elementor-column elementor-col-100 elementor-top-column elementor-element elementor-element-6be79139\" data-id=\"6be79139\" data-element_type=\"column\">\n\t\t\t<div class=\"elementor-widget-wrap elementor-element-populated\">\n\t\t\t\t\t\t<div class=\"elementor-element elementor-element-31e27519 elementor-widget elementor-widget-heading\" data-id=\"31e27519\" data-element_type=\"widget\" data-widget_type=\"heading.default\">\n\t\t\t\t<div class=\"elementor-widget-container\">\n\t\t\t\t\t<h2 class=\"elementor-heading-title elementor-size-default\">Galer\u00eda<\/h2>\t\t\t\t<\/div>\n\t\t\t\t<\/div>\n\t\t\t\t<div class=\"elementor-element elementor-element-5d3e426 elementor-arrows-position-outside elementor-pagination-position-outside elementor-widget elementor-widget-image-carousel\" data-id=\"5d3e426\" data-element_type=\"widget\" data-settings=\"{&quot;navigation&quot;:&quot;both&quot;,&quot;autoplay&quot;:&quot;yes&quot;,&quot;pause_on_hover&quot;:&quot;yes&quot;,&quot;pause_on_interaction&quot;:&quot;yes&quot;,&quot;autoplay_speed&quot;:5000,&quot;infinite&quot;:&quot;yes&quot;,&quot;speed&quot;:500,&quot;image_spacing_custom&quot;:{&quot;unit&quot;:&quot;px&quot;,&quot;size&quot;:20,&quot;sizes&quot;:[]},&quot;image_spacing_custom_widescreen&quot;:{&quot;unit&quot;:&quot;px&quot;,&quot;size&quot;:&quot;&quot;,&quot;sizes&quot;:[]},&quot;image_spacing_custom_laptop&quot;:{&quot;unit&quot;:&quot;px&quot;,&quot;size&quot;:&quot;&quot;,&quot;sizes&quot;:[]},&quot;image_spacing_custom_tablet_extra&quot;:{&quot;unit&quot;:&quot;px&quot;,&quot;size&quot;:&quot;&quot;,&quot;sizes&quot;:[]},&quot;image_spacing_custom_tablet&quot;:{&quot;unit&quot;:&quot;px&quot;,&quot;size&quot;:&quot;&quot;,&quot;sizes&quot;:[]},&quot;image_spacing_custom_mobile_extra&quot;:{&quot;unit&quot;:&quot;px&quot;,&quot;size&quot;:&quot;&quot;,&quot;sizes&quot;:[]},&quot;image_spacing_custom_mobile&quot;:{&quot;unit&quot;:&quot;px&quot;,&quot;size&quot;:&quot;&quot;,&quot;sizes&quot;:[]}}\" data-widget_type=\"image-carousel.default\">\n\t\t\t\t<div class=\"elementor-widget-container\">\n\t\t\t\t\t\t\t<div class=\"elementor-image-carousel-wrapper swiper\" role=\"region\" aria-roledescription=\"carousel\" aria-label=\"Carrusel de im\u00e1genes\" dir=\"ltr\">\n\t\t\t<div class=\"elementor-image-carousel swiper-wrapper swiper-image-stretch\" aria-live=\"off\">\n\t\t\t\t\t\t\t\t<div class=\"swiper-slide\" role=\"group\" aria-roledescription=\"slide\" aria-label=\"1 of 9\"><figure class=\"swiper-slide-inner\"><img decoding=\"async\" class=\"swiper-slide-image\" src=\"https:\/\/fundaciongloriakriete.org\/wp-content\/uploads\/2025\/03\/FOTO-5-1.png\" alt=\"FOTO 5\" \/><\/figure><\/div><div class=\"swiper-slide\" role=\"group\" aria-roledescription=\"slide\" aria-label=\"2 of 9\"><figure class=\"swiper-slide-inner\"><img decoding=\"async\" class=\"swiper-slide-image\" src=\"https:\/\/fundaciongloriakriete.org\/wp-content\/uploads\/2025\/03\/Prosarin-16-1024x683.jpg\" alt=\"Prosari\u0301n-16\" \/><\/figure><\/div><div class=\"swiper-slide\" role=\"group\" aria-roledescription=\"slide\" aria-label=\"3 of 9\"><figure class=\"swiper-slide-inner\"><img decoding=\"async\" class=\"swiper-slide-image\" src=\"https:\/\/fundaciongloriakriete.org\/wp-content\/uploads\/2025\/03\/Prosarin-18-1024x683.jpg\" alt=\"Prosari\u0301n-18\" \/><\/figure><\/div><div class=\"swiper-slide\" role=\"group\" aria-roledescription=\"slide\" aria-label=\"4 of 9\"><figure class=\"swiper-slide-inner\"><img decoding=\"async\" class=\"swiper-slide-image\" src=\"https:\/\/fundaciongloriakriete.org\/wp-content\/uploads\/2025\/03\/Prosarin-05-1024x683.jpg\" alt=\"Prosari\u0301n-05\" \/><\/figure><\/div><div class=\"swiper-slide\" role=\"group\" aria-roledescription=\"slide\" aria-label=\"5 of 9\"><figure class=\"swiper-slide-inner\"><img decoding=\"async\" class=\"swiper-slide-image\" src=\"https:\/\/fundaciongloriakriete.org\/wp-content\/uploads\/2025\/03\/Prosarin-06-1024x683.jpg\" alt=\"Prosari\u0301n-06\" \/><\/figure><\/div><div class=\"swiper-slide\" role=\"group\" aria-roledescription=\"slide\" aria-label=\"6 of 9\"><figure class=\"swiper-slide-inner\"><img decoding=\"async\" class=\"swiper-slide-image\" src=\"https:\/\/fundaciongloriakriete.org\/wp-content\/uploads\/2025\/03\/Prosarin-08-1024x683.jpg\" alt=\"Prosari\u0301n-08\" \/><\/figure><\/div><div class=\"swiper-slide\" role=\"group\" aria-roledescription=\"slide\" aria-label=\"7 of 9\"><figure class=\"swiper-slide-inner\"><img decoding=\"async\" class=\"swiper-slide-image\" src=\"https:\/\/fundaciongloriakriete.org\/wp-content\/uploads\/2025\/03\/Prosarin-11-1024x683.jpg\" alt=\"Prosari\u0301n-11\" \/><\/figure><\/div><div class=\"swiper-slide\" role=\"group\" aria-roledescription=\"slide\" aria-label=\"8 of 9\"><figure class=\"swiper-slide-inner\"><img decoding=\"async\" class=\"swiper-slide-image\" src=\"https:\/\/fundaciongloriakriete.org\/wp-content\/uploads\/2025\/03\/Prosarin-15-1024x683.jpg\" alt=\"Prosari\u0301n-15\" \/><\/figure><\/div><div class=\"swiper-slide\" role=\"group\" aria-roledescription=\"slide\" aria-label=\"9 of 9\"><figure class=\"swiper-slide-inner\"><img decoding=\"async\" class=\"swiper-slide-image\" src=\"https:\/\/fundaciongloriakriete.org\/wp-content\/uploads\/2025\/03\/FOTO-2-1.png\" alt=\"FOTO 2\" \/><\/figure><\/div>\t\t\t<\/div>\n\t\t\t\t\t\t\t\t\t\t\t\t<div class=\"elementor-swiper-button elementor-swiper-button-prev\" role=\"button\" tabindex=\"0\">\n\t\t\t\t\t\t<i aria-hidden=\"true\" class=\"eicon-chevron-left\"><\/i>\t\t\t\t\t<\/div>\n\t\t\t\t\t<div class=\"elementor-swiper-button elementor-swiper-button-next\" role=\"button\" tabindex=\"0\">\n\t\t\t\t\t\t<i aria-hidden=\"true\" class=\"eicon-chevron-right\"><\/i>\t\t\t\t\t<\/div>\n\t\t\t\t\n\t\t\t\t\t\t\t\t\t<div class=\"swiper-pagination\"><\/div>\n\t\t\t\t\t\t\t\t\t<\/div>\n\t\t\t\t\t\t<\/div>\n\t\t\t\t<\/div>\n\t\t\t\t\t<\/div>\n\t\t<\/div>\n\t\t\t\t\t<\/div>\n\t\t<\/section>\n\t\t\t\t<\/div>","protected":false},"excerpt":{"rendered":"<p>PROSARIN CON AGAPE El programa de salud rural integral, presente durante m\u00e1s de 30 a\u00f1os en comunidades de Sonsonate, Ahuachap\u00e1n y La Uni\u00f3n, genera un impacto positivo en sus beneficiarios. Se enfoca en la atenci\u00f3n preventiva a lo largo del ciclo de vida, desde controles prenatales y cuidados postnatales hasta seguimientos en la infancia y [&hellip;]<\/p>","protected":false},"author":1,"featured_media":0,"parent":0,"menu_order":0,"comment_status":"closed","ping_status":"closed","template":"elementor_header_footer","meta":{"om_disable_all_campaigns":false,"_monsterinsights_skip_tracking":false,"_monsterinsights_sitenote_active":false,"_monsterinsights_sitenote_note":"","_monsterinsights_sitenote_category":0,"_uf_show_specific_survey":0,"_uf_disable_surveys":false,"footnotes":""},"class_list":["post-619","page","type-page","status-publish","hentry"],"yoast_head":"<!-- This site is optimized with the Yoast SEO plugin v21.0 - https:\/\/yoast.com\/wordpress\/plugins\/seo\/ -->\n<title>Prosar\u00edn - FGK<\/title>\n<meta name=\"robots\" content=\"index, follow, max-snippet:-1, max-image-preview:large, max-video-preview:-1\" \/>\n<link rel=\"canonical\" href=\"https:\/\/fundaciongloriakriete.org\/en_us\/prosarin\/\" \/>\n<meta property=\"og:locale\" content=\"en_US\" \/>\n<meta property=\"og:type\" content=\"article\" \/>\n<meta property=\"og:title\" content=\"Prosar\u00edn - FGK\" \/>\n<meta property=\"og:description\" content=\"PROSARIN CON AGAPE El programa de salud rural integral, presente durante m\u00e1s de 30 a\u00f1os en comunidades de Sonsonate, Ahuachap\u00e1n y La Uni\u00f3n, genera un impacto positivo en sus beneficiarios. Se enfoca en la atenci\u00f3n preventiva a lo largo del ciclo de vida, desde controles prenatales y cuidados postnatales hasta seguimientos en la infancia y [&hellip;]\" \/>\n<meta property=\"og:url\" content=\"https:\/\/fundaciongloriakriete.org\/en_us\/prosarin\/\" \/>\n<meta property=\"og:site_name\" content=\"FGK\" \/>\n<meta property=\"article:modified_time\" content=\"2026-03-10T23:25:06+00:00\" \/>\n<meta property=\"og:image\" content=\"https:\/\/fundaciongloriakriete.org\/wp-content\/uploads\/2026\/03\/PROSARIN.jpg\" \/>\n<meta name=\"twitter:card\" content=\"summary_large_image\" \/>\n<meta name=\"twitter:label1\" content=\"Est. reading time\" \/>\n\t<meta name=\"twitter:data1\" content=\"5 minutes\" \/>\n<script type=\"application\/ld+json\" class=\"yoast-schema-graph\">{\"@context\":\"https:\/\/schema.org\",\"@graph\":[{\"@type\":\"WebPage\",\"@id\":\"https:\/\/fundaciongloriakriete.org\/prosarin\/\",\"url\":\"https:\/\/fundaciongloriakriete.org\/prosarin\/\",\"name\":\"Prosar\u00edn - FGK\",\"isPartOf\":{\"@id\":\"https:\/\/fundaciongloriakriete.org\/#website\"},\"datePublished\":\"2022-10-27T05:32:30+00:00\",\"dateModified\":\"2026-03-10T23:25:06+00:00\",\"breadcrumb\":{\"@id\":\"https:\/\/fundaciongloriakriete.org\/prosarin\/#breadcrumb\"},\"inLanguage\":\"en-US\",\"potentialAction\":[{\"@type\":\"ReadAction\",\"target\":[\"https:\/\/fundaciongloriakriete.org\/prosarin\/\"]}]},{\"@type\":\"BreadcrumbList\",\"@id\":\"https:\/\/fundaciongloriakriete.org\/prosarin\/#breadcrumb\",\"itemListElement\":[{\"@type\":\"ListItem\",\"position\":1,\"name\":\"Portada\",\"item\":\"https:\/\/fundaciongloriakriete.org\/\"},{\"@type\":\"ListItem\",\"position\":2,\"name\":\"Prosar\u00edn\"}]},{\"@type\":\"WebSite\",\"@id\":\"https:\/\/fundaciongloriakriete.org\/#website\",\"url\":\"https:\/\/fundaciongloriakriete.org\/\",\"name\":\"FGK\",\"description\":\"Fundaci\u00f3n Gloria Kriete\",\"publisher\":{\"@id\":\"https:\/\/fundaciongloriakriete.org\/#organization\"},\"potentialAction\":[{\"@type\":\"SearchAction\",\"target\":{\"@type\":\"EntryPoint\",\"urlTemplate\":\"https:\/\/fundaciongloriakriete.org\/?s={search_term_string}\"},\"query-input\":\"required name=search_term_string\"}],\"inLanguage\":\"en-US\"},{\"@type\":\"Organization\",\"@id\":\"https:\/\/fundaciongloriakriete.org\/#organization\",\"name\":\"FGK\",\"url\":\"https:\/\/fundaciongloriakriete.org\/\",\"logo\":{\"@type\":\"ImageObject\",\"inLanguage\":\"en-US\",\"@id\":\"https:\/\/fundaciongloriakriete.org\/#\/schema\/logo\/image\/\",\"url\":\"https:\/\/fundaciongloriakriete.org\/wp-content\/uploads\/2022\/10\/Horizontal02.png\",\"contentUrl\":\"https:\/\/fundaciongloriakriete.org\/wp-content\/uploads\/2022\/10\/Horizontal02.png\",\"width\":1366,\"height\":520,\"caption\":\"FGK\"},\"image\":{\"@id\":\"https:\/\/fundaciongloriakriete.org\/#\/schema\/logo\/image\/\"}}]}<\/script>\n<!-- \/ Yoast SEO plugin. -->","yoast_head_json":{"title":"Prosar\u00edn - FGK","robots":{"index":"index","follow":"follow","max-snippet":"max-snippet:-1","max-image-preview":"max-image-preview:large","max-video-preview":"max-video-preview:-1"},"canonical":"https:\/\/fundaciongloriakriete.org\/en_us\/prosarin\/","og_locale":"en_US","og_type":"article","og_title":"Prosar\u00edn - FGK","og_description":"PROSARIN CON AGAPE El programa de salud rural integral, presente durante m\u00e1s de 30 a\u00f1os en comunidades de Sonsonate, Ahuachap\u00e1n y La Uni\u00f3n, genera un impacto positivo en sus beneficiarios. Se enfoca en la atenci\u00f3n preventiva a lo largo del ciclo de vida, desde controles prenatales y cuidados postnatales hasta seguimientos en la infancia y [&hellip;]","og_url":"https:\/\/fundaciongloriakriete.org\/en_us\/prosarin\/","og_site_name":"FGK","article_modified_time":"2026-03-10T23:25:06+00:00","og_image":[{"url":"https:\/\/fundaciongloriakriete.org\/wp-content\/uploads\/2026\/03\/PROSARIN.jpg"}],"twitter_card":"summary_large_image","twitter_misc":{"Est. reading time":"5 minutes"},"schema":{"@context":"https:\/\/schema.org","@graph":[{"@type":"WebPage","@id":"https:\/\/fundaciongloriakriete.org\/prosarin\/","url":"https:\/\/fundaciongloriakriete.org\/prosarin\/","name":"Prosar\u00edn - FGK","isPartOf":{"@id":"https:\/\/fundaciongloriakriete.org\/#website"},"datePublished":"2022-10-27T05:32:30+00:00","dateModified":"2026-03-10T23:25:06+00:00","breadcrumb":{"@id":"https:\/\/fundaciongloriakriete.org\/prosarin\/#breadcrumb"},"inLanguage":"en-US","potentialAction":[{"@type":"ReadAction","target":["https:\/\/fundaciongloriakriete.org\/prosarin\/"]}]},{"@type":"BreadcrumbList","@id":"https:\/\/fundaciongloriakriete.org\/prosarin\/#breadcrumb","itemListElement":[{"@type":"ListItem","position":1,"name":"Portada","item":"https:\/\/fundaciongloriakriete.org\/"},{"@type":"ListItem","position":2,"name":"Prosar\u00edn"}]},{"@type":"WebSite","@id":"https:\/\/fundaciongloriakriete.org\/#website","url":"https:\/\/fundaciongloriakriete.org\/","name":"FGK","description":"Fundaci\u00f3n Gloria Kriete","publisher":{"@id":"https:\/\/fundaciongloriakriete.org\/#organization"},"potentialAction":[{"@type":"SearchAction","target":{"@type":"EntryPoint","urlTemplate":"https:\/\/fundaciongloriakriete.org\/?s={search_term_string}"},"query-input":"required name=search_term_string"}],"inLanguage":"en-US"},{"@type":"Organization","@id":"https:\/\/fundaciongloriakriete.org\/#organization","name":"FGK","url":"https:\/\/fundaciongloriakriete.org\/","logo":{"@type":"ImageObject","inLanguage":"en-US","@id":"https:\/\/fundaciongloriakriete.org\/#\/schema\/logo\/image\/","url":"https:\/\/fundaciongloriakriete.org\/wp-content\/uploads\/2022\/10\/Horizontal02.png","contentUrl":"https:\/\/fundaciongloriakriete.org\/wp-content\/uploads\/2022\/10\/Horizontal02.png","width":1366,"height":520,"caption":"FGK"},"image":{"@id":"https:\/\/fundaciongloriakriete.org\/#\/schema\/logo\/image\/"}}]}},"_links":{"self":[{"href":"https:\/\/fundaciongloriakriete.org\/en_us\/wp-json\/wp\/v2\/pages\/619","targetHints":{"allow":["GET"]}}],"collection":[{"href":"https:\/\/fundaciongloriakriete.org\/en_us\/wp-json\/wp\/v2\/pages"}],"about":[{"href":"https:\/\/fundaciongloriakriete.org\/en_us\/wp-json\/wp\/v2\/types\/page"}],"author":[{"embeddable":true,"href":"https:\/\/fundaciongloriakriete.org\/en_us\/wp-json\/wp\/v2\/users\/1"}],"replies":[{"embeddable":true,"href":"https:\/\/fundaciongloriakriete.org\/en_us\/wp-json\/wp\/v2\/comments?post=619"}],"version-history":[{"count":120,"href":"https:\/\/fundaciongloriakriete.org\/en_us\/wp-json\/wp\/v2\/pages\/619\/revisions"}],"predecessor-version":[{"id":20111,"href":"https:\/\/fundaciongloriakriete.org\/en_us\/wp-json\/wp\/v2\/pages\/619\/revisions\/20111"}],"wp:attachment":[{"href":"https:\/\/fundaciongloriakriete.org\/en_us\/wp-json\/wp\/v2\/media?parent=619"}],"curies":[{"name":"wp","href":"https:\/\/api.w.org\/{rel}","templated":true}]}}