{"id":1726,"date":"2022-11-08T02:30:13","date_gmt":"2022-11-08T02:30:13","guid":{"rendered":"http:\/\/localhost\/fundacion\/?page_id=1726"},"modified":"2026-03-10T17:23:51","modified_gmt":"2026-03-10T23:23:51","slug":"programa-aprendamos-juntos","status":"publish","type":"page","link":"https:\/\/fundaciongloriakriete.org\/en_us\/programa-aprendamos-juntos\/","title":{"rendered":"Aprendamos Juntos"},"content":{"rendered":"<div data-elementor-type=\"wp-page\" data-elementor-id=\"1726\" class=\"elementor elementor-1726\" data-elementor-post-type=\"page\">\n\t\t\t\t\t\t<section class=\"elementor-section elementor-top-section elementor-element elementor-element-74577cf3 elementor-section-full_width elementor-section-height-default elementor-section-height-default\" data-id=\"74577cf3\" data-element_type=\"section\">\n\t\t\t\t\t\t<div class=\"elementor-container elementor-column-gap-default\">\n\t\t\t\t\t<div class=\"elementor-column elementor-col-100 elementor-top-column elementor-element elementor-element-5eab4cfa\" data-id=\"5eab4cfa\" data-element_type=\"column\">\n\t\t\t<div class=\"elementor-widget-wrap elementor-element-populated\">\n\t\t\t\t\t\t<div class=\"elementor-element elementor-element-3d2adb70 elementor--h-position-center elementor--v-position-middle elementor-arrows-position-inside elementor-pagination-position-inside elementor-widget elementor-widget-slides\" data-id=\"3d2adb70\" data-element_type=\"widget\" data-settings=\"{&quot;navigation&quot;:&quot;both&quot;,&quot;autoplay&quot;:&quot;yes&quot;,&quot;pause_on_hover&quot;:&quot;yes&quot;,&quot;pause_on_interaction&quot;:&quot;yes&quot;,&quot;autoplay_speed&quot;:5000,&quot;infinite&quot;:&quot;yes&quot;,&quot;transition&quot;:&quot;slide&quot;,&quot;transition_speed&quot;:500}\" data-widget_type=\"slides.default\">\n\t\t\t\t<div class=\"elementor-widget-container\">\n\t\t\t\t\t\t\t\t\t<div class=\"elementor-swiper\">\n\t\t\t\t\t<div class=\"elementor-slides-wrapper elementor-main-swiper swiper\" role=\"region\" aria-roledescription=\"carousel\" aria-label=\"Diapositivas\" dir=\"ltr\" data-animation=\"fadeInUp\">\n\t\t\t\t<div class=\"swiper-wrapper elementor-slides\">\n\t\t\t\t\t\t\t\t\t\t<div class=\"elementor-repeater-item-f0d8531 swiper-slide\" role=\"group\" aria-roledescription=\"slide\"><div class=\"swiper-slide-bg\" role=\"img\"><\/div><div class=\"swiper-slide-inner\" ><div class=\"swiper-slide-contents\"><div class=\"elementor-slide-heading\">APRENDAMOS JUNTOS  CON AGAPE<\/div><\/div><\/div><\/div>\t\t\t\t<\/div>\n\t\t\t\t\t\t\t<\/div>\n\t\t\t\t<\/div>\n\t\t\t\t\t\t\t\t<\/div>\n\t\t\t\t<\/div>\n\t\t\t\t\t<\/div>\n\t\t<\/div>\n\t\t\t\t\t<\/div>\n\t\t<\/section>\n\t\t\t\t<section class=\"elementor-section elementor-top-section elementor-element elementor-element-5e80ace9 elementor-section-content-middle elementor-section-full_width elementor-section-height-default elementor-section-height-default\" data-id=\"5e80ace9\" data-element_type=\"section\">\n\t\t\t\t\t\t<div class=\"elementor-container elementor-column-gap-no\">\n\t\t\t\t\t<div class=\"elementor-column elementor-col-50 elementor-top-column elementor-element elementor-element-3f0f83f2\" data-id=\"3f0f83f2\" data-element_type=\"column\">\n\t\t\t<div class=\"elementor-widget-wrap elementor-element-populated\">\n\t\t\t\t\t\t<div class=\"elementor-element elementor-element-2da51ea elementor-widget elementor-widget-image\" data-id=\"2da51ea\" data-element_type=\"widget\" data-widget_type=\"image.default\">\n\t\t\t\t<div class=\"elementor-widget-container\">\n\t\t\t\t\t\t\t\t\t\t\t\t\t\t\t<img fetchpriority=\"high\" decoding=\"async\" width=\"800\" height=\"450\" src=\"https:\/\/fundaciongloriakriete.org\/wp-content\/uploads\/2026\/03\/APRENDAMOS-JUNTOS.jpg\" class=\"attachment-large size-large wp-image-20092\" alt=\"\" srcset=\"https:\/\/fundaciongloriakriete.org\/wp-content\/uploads\/2026\/03\/APRENDAMOS-JUNTOS.jpg 1024w, https:\/\/fundaciongloriakriete.org\/wp-content\/uploads\/2026\/03\/APRENDAMOS-JUNTOS-300x169.jpg 300w, https:\/\/fundaciongloriakriete.org\/wp-content\/uploads\/2026\/03\/APRENDAMOS-JUNTOS-768x432.jpg 768w, https:\/\/fundaciongloriakriete.org\/wp-content\/uploads\/2026\/03\/APRENDAMOS-JUNTOS-18x10.jpg 18w\" sizes=\"(max-width: 800px) 100vw, 800px\" \/>\t\t\t\t\t\t\t\t\t\t\t\t\t\t\t<\/div>\n\t\t\t\t<\/div>\n\t\t\t\t\t<\/div>\n\t\t<\/div>\n\t\t\t\t<div class=\"elementor-column elementor-col-50 elementor-top-column elementor-element elementor-element-50028ce7\" data-id=\"50028ce7\" data-element_type=\"column\">\n\t\t\t<div class=\"elementor-widget-wrap elementor-element-populated\">\n\t\t\t\t\t\t<div class=\"elementor-element elementor-element-4f5b58c6 elementor-widget elementor-widget-text-editor\" data-id=\"4f5b58c6\" data-element_type=\"widget\" data-widget_type=\"text-editor.default\">\n\t\t\t\t<div class=\"elementor-widget-container\">\n\t\t\t\t\t\t\t\t\t<p><span data-contrast=\"none\">El programa Aprendamos Juntos se implementa en zonas rurales de Sonsonate y Ahuachap\u00e1n, enfoc\u00e1ndose en el desarrollo infantil de comunidades espec\u00edficas. Ofrece estimulaci\u00f3n oportuna y educaci\u00f3n inicial a ni\u00f1os desde el nacimiento hasta los seis a\u00f1os, potenciando \u00e1reas clave como lenguaje, socio afectividad, psicomotricidad fina y gruesa, y sensopercepci\u00f3n.<\/span><span data-ccp-props=\"{&quot;201341983&quot;:0,&quot;335551550&quot;:6,&quot;335551620&quot;:6,&quot;335559740&quot;:360}\">\u00a0<\/span><\/p><p><span data-contrast=\"none\">La estimulaci\u00f3n se realiza de manera l\u00fadica, utilizando el juego como herramienta principal. Adem\u00e1s, se involucra activamente a padres, madres y cuidadores a trav\u00e9s de talleres especializados donde aprenden t\u00e9cnicas para fortalecer la estimulaci\u00f3n y la educaci\u00f3n, as\u00ed como a elaborar instrumentos psicopedag\u00f3gicos que pueden utilizar en casa.<\/span><span data-ccp-props=\"{&quot;201341983&quot;:0,&quot;335551550&quot;:6,&quot;335551620&quot;:6,&quot;335559740&quot;:360}\">\u00a0<\/span><\/p>\t\t\t\t\t\t\t\t<\/div>\n\t\t\t\t<\/div>\n\t\t\t\t<div class=\"elementor-element elementor-element-769461a3 elementor-tablet-align-right elementor-mobile-align-center elementor-widget elementor-widget-button\" data-id=\"769461a3\" data-element_type=\"widget\" data-widget_type=\"button.default\">\n\t\t\t\t<div class=\"elementor-widget-container\">\n\t\t\t\t\t\t\t\t\t<div class=\"elementor-button-wrapper\">\n\t\t\t\t\t<a class=\"elementor-button elementor-button-link elementor-size-sm\" href=\"https:\/\/agapesv.com\/micrositio-aprendamos-juntos\/\" target=\"_blank\">\n\t\t\t\t\t\t<span class=\"elementor-button-content-wrapper\">\n\t\t\t\t\t\t\t\t\t<span class=\"elementor-button-text\">Read more<\/span>\n\t\t\t\t\t<\/span>\n\t\t\t\t\t<\/a>\n\t\t\t\t<\/div>\n\t\t\t\t\t\t\t\t<\/div>\n\t\t\t\t<\/div>\n\t\t\t\t\t<\/div>\n\t\t<\/div>\n\t\t\t\t\t<\/div>\n\t\t<\/section>\n\t\t\t\t<section class=\"elementor-section elementor-top-section elementor-element elementor-element-47b94cf5 elementor-section-content-middle elementor-section-full_width elementor-section-height-default elementor-section-height-default\" data-id=\"47b94cf5\" data-element_type=\"section\" data-settings=\"{&quot;background_background&quot;:&quot;classic&quot;}\">\n\t\t\t\t\t\t<div class=\"elementor-container elementor-column-gap-no\">\n\t\t\t\t\t<div class=\"elementor-column elementor-col-100 elementor-top-column elementor-element elementor-element-89036e7\" data-id=\"89036e7\" data-element_type=\"column\">\n\t\t\t<div class=\"elementor-widget-wrap elementor-element-populated\">\n\t\t\t\t\t\t<div class=\"elementor-element elementor-element-2ed331c9 elementor-widget elementor-widget-heading\" data-id=\"2ed331c9\" data-element_type=\"widget\" data-widget_type=\"heading.default\">\n\t\t\t\t<div class=\"elementor-widget-container\">\n\t\t\t\t\t<h3 class=\"elementor-heading-title elementor-size-default\">Nuestro Impacto<\/h3>\t\t\t\t<\/div>\n\t\t\t\t<\/div>\n\t\t\t\t<div class=\"elementor-element elementor-element-d3f4588 elementor-widget elementor-widget-heading\" data-id=\"d3f4588\" data-element_type=\"widget\" data-widget_type=\"heading.default\">\n\t\t\t\t<div class=\"elementor-widget-container\">\n\t\t\t\t\t<h3 class=\"elementor-heading-title elementor-size-default\">2025<\/h3>\t\t\t\t<\/div>\n\t\t\t\t<\/div>\n\t\t\t\t<section class=\"elementor-section elementor-inner-section elementor-element elementor-element-5396c868 elementor-section-full_width elementor-section-height-default elementor-section-height-default\" data-id=\"5396c868\" data-element_type=\"section\">\n\t\t\t\t\t\t<div class=\"elementor-container elementor-column-gap-no\">\n\t\t\t\t\t<div class=\"elementor-column elementor-col-33 elementor-inner-column elementor-element elementor-element-3cb4a60e\" data-id=\"3cb4a60e\" data-element_type=\"column\">\n\t\t\t<div class=\"elementor-widget-wrap elementor-element-populated\">\n\t\t\t\t\t\t<div class=\"elementor-element elementor-element-3fa63a45 elementor-widget elementor-widget-counter\" data-id=\"3fa63a45\" data-element_type=\"widget\" data-widget_type=\"counter.default\">\n\t\t\t\t<div class=\"elementor-widget-container\">\n\t\t\t\t\t\t\t<div class=\"elementor-counter\">\n\t\t\t\t\t\t<div class=\"elementor-counter-number-wrapper\">\n\t\t\t\t<span class=\"elementor-counter-number-prefix\">+<\/span>\n\t\t\t\t<span class=\"elementor-counter-number\" data-duration=\"2000\" data-to-value=\"32.8\" data-from-value=\"1\" data-delimiter=\",\">1<\/span>\n\t\t\t\t<span class=\"elementor-counter-number-suffix\">K<\/span>\n\t\t\t<\/div>\n\t\t<\/div>\n\t\t\t\t\t\t<\/div>\n\t\t\t\t<\/div>\n\t\t\t\t<div class=\"elementor-element elementor-element-198f6ae8 elementor-widget__width-initial elementor-widget elementor-widget-heading\" data-id=\"198f6ae8\" data-element_type=\"widget\" data-widget_type=\"heading.default\">\n\t\t\t\t<div class=\"elementor-widget-container\">\n\t\t\t\t\t<h5 class=\"elementor-heading-title elementor-size-default\">Total de atenciones<\/h5>\t\t\t\t<\/div>\n\t\t\t\t<\/div>\n\t\t\t\t\t<\/div>\n\t\t<\/div>\n\t\t\t\t<div class=\"elementor-column elementor-col-33 elementor-inner-column elementor-element elementor-element-745d2d16\" data-id=\"745d2d16\" data-element_type=\"column\">\n\t\t\t<div class=\"elementor-widget-wrap elementor-element-populated\">\n\t\t\t\t\t\t<div class=\"elementor-element elementor-element-79ac122e elementor-widget elementor-widget-counter\" data-id=\"79ac122e\" data-element_type=\"widget\" data-widget_type=\"counter.default\">\n\t\t\t\t<div class=\"elementor-widget-container\">\n\t\t\t\t\t\t\t<div class=\"elementor-counter\">\n\t\t\t\t\t\t<div class=\"elementor-counter-number-wrapper\">\n\t\t\t\t<span class=\"elementor-counter-number-prefix\">+<\/span>\n\t\t\t\t<span class=\"elementor-counter-number\" data-duration=\"2000\" data-to-value=\"1\" data-from-value=\"1\" data-delimiter=\",\">1<\/span>\n\t\t\t\t<span class=\"elementor-counter-number-suffix\">K<\/span>\n\t\t\t<\/div>\n\t\t<\/div>\n\t\t\t\t\t\t<\/div>\n\t\t\t\t<\/div>\n\t\t\t\t<div class=\"elementor-element elementor-element-5de05c88 elementor-widget__width-initial elementor-widget elementor-widget-heading\" data-id=\"5de05c88\" data-element_type=\"widget\" data-widget_type=\"heading.default\">\n\t\t\t\t<div class=\"elementor-widget-container\">\n\t\t\t\t\t<h5 class=\"elementor-heading-title elementor-size-default\">Total de beneficiarios<\/h5>\t\t\t\t<\/div>\n\t\t\t\t<\/div>\n\t\t\t\t\t<\/div>\n\t\t<\/div>\n\t\t\t\t<div class=\"elementor-column elementor-col-33 elementor-inner-column elementor-element elementor-element-4898d60f\" data-id=\"4898d60f\" data-element_type=\"column\">\n\t\t\t<div class=\"elementor-widget-wrap elementor-element-populated\">\n\t\t\t\t\t\t<div class=\"elementor-element elementor-element-28f2de0 elementor-widget elementor-widget-counter\" data-id=\"28f2de0\" data-element_type=\"widget\" data-widget_type=\"counter.default\">\n\t\t\t\t<div class=\"elementor-widget-container\">\n\t\t\t\t\t\t\t<div class=\"elementor-counter\">\n\t\t\t\t\t\t<div class=\"elementor-counter-number-wrapper\">\n\t\t\t\t<span class=\"elementor-counter-number-prefix\">+<\/span>\n\t\t\t\t<span class=\"elementor-counter-number\" data-duration=\"2000\" data-to-value=\"11.4\" data-from-value=\"1\" data-delimiter=\",\">1<\/span>\n\t\t\t\t<span class=\"elementor-counter-number-suffix\">K<\/span>\n\t\t\t<\/div>\n\t\t<\/div>\n\t\t\t\t\t\t<\/div>\n\t\t\t\t<\/div>\n\t\t\t\t<div class=\"elementor-element elementor-element-180bc2be elementor-widget__width-initial elementor-widget elementor-widget-heading\" data-id=\"180bc2be\" data-element_type=\"widget\" data-widget_type=\"heading.default\">\n\t\t\t\t<div class=\"elementor-widget-container\">\n\t\t\t\t\t<h5 class=\"elementor-heading-title elementor-size-default\">Visitas domiciliarias<\/h5>\t\t\t\t<\/div>\n\t\t\t\t<\/div>\n\t\t\t\t\t<\/div>\n\t\t<\/div>\n\t\t\t\t\t<\/div>\n\t\t<\/section>\n\t\t\t\t\t<\/div>\n\t\t<\/div>\n\t\t\t\t\t<\/div>\n\t\t<\/section>\n\t\t\t\t<section class=\"elementor-section elementor-top-section elementor-element elementor-element-1287a997 elementor-section-full_width elementor-section-height-default elementor-section-height-default\" data-id=\"1287a997\" data-element_type=\"section\">\n\t\t\t\t\t\t<div class=\"elementor-container elementor-column-gap-default\">\n\t\t\t\t\t<div class=\"elementor-column elementor-col-100 elementor-top-column elementor-element elementor-element-10dd7744\" data-id=\"10dd7744\" data-element_type=\"column\">\n\t\t\t<div class=\"elementor-widget-wrap elementor-element-populated\">\n\t\t\t\t\t\t<div class=\"elementor-element elementor-element-6df02668 elementor-widget elementor-widget-heading\" data-id=\"6df02668\" data-element_type=\"widget\" data-widget_type=\"heading.default\">\n\t\t\t\t<div class=\"elementor-widget-container\">\n\t\t\t\t\t<h2 class=\"elementor-heading-title elementor-size-default\">Galer\u00eda<\/h2>\t\t\t\t<\/div>\n\t\t\t\t<\/div>\n\t\t\t\t<div class=\"elementor-element elementor-element-c69b095 elementor-arrows-position-outside elementor-pagination-position-outside elementor-widget elementor-widget-image-carousel\" data-id=\"c69b095\" data-element_type=\"widget\" data-settings=\"{&quot;navigation&quot;:&quot;both&quot;,&quot;autoplay&quot;:&quot;yes&quot;,&quot;pause_on_hover&quot;:&quot;yes&quot;,&quot;pause_on_interaction&quot;:&quot;yes&quot;,&quot;autoplay_speed&quot;:5000,&quot;infinite&quot;:&quot;yes&quot;,&quot;speed&quot;:500,&quot;image_spacing_custom&quot;:{&quot;unit&quot;:&quot;px&quot;,&quot;size&quot;:20,&quot;sizes&quot;:[]},&quot;image_spacing_custom_widescreen&quot;:{&quot;unit&quot;:&quot;px&quot;,&quot;size&quot;:&quot;&quot;,&quot;sizes&quot;:[]},&quot;image_spacing_custom_laptop&quot;:{&quot;unit&quot;:&quot;px&quot;,&quot;size&quot;:&quot;&quot;,&quot;sizes&quot;:[]},&quot;image_spacing_custom_tablet_extra&quot;:{&quot;unit&quot;:&quot;px&quot;,&quot;size&quot;:&quot;&quot;,&quot;sizes&quot;:[]},&quot;image_spacing_custom_tablet&quot;:{&quot;unit&quot;:&quot;px&quot;,&quot;size&quot;:&quot;&quot;,&quot;sizes&quot;:[]},&quot;image_spacing_custom_mobile_extra&quot;:{&quot;unit&quot;:&quot;px&quot;,&quot;size&quot;:&quot;&quot;,&quot;sizes&quot;:[]},&quot;image_spacing_custom_mobile&quot;:{&quot;unit&quot;:&quot;px&quot;,&quot;size&quot;:&quot;&quot;,&quot;sizes&quot;:[]}}\" data-widget_type=\"image-carousel.default\">\n\t\t\t\t<div class=\"elementor-widget-container\">\n\t\t\t\t\t\t\t<div class=\"elementor-image-carousel-wrapper swiper\" role=\"region\" aria-roledescription=\"carousel\" aria-label=\"Carrusel de im\u00e1genes\" dir=\"ltr\">\n\t\t\t<div class=\"elementor-image-carousel swiper-wrapper swiper-image-stretch\" aria-live=\"off\">\n\t\t\t\t\t\t\t\t<div class=\"swiper-slide\" role=\"group\" aria-roledescription=\"slide\" aria-label=\"1 of 7\"><figure class=\"swiper-slide-inner\"><img decoding=\"async\" class=\"swiper-slide-image\" src=\"https:\/\/fundaciongloriakriete.org\/wp-content\/uploads\/2025\/03\/FOTO-16.png\" alt=\"FOTO 16\" \/><\/figure><\/div><div class=\"swiper-slide\" role=\"group\" aria-roledescription=\"slide\" aria-label=\"2 of 7\"><figure class=\"swiper-slide-inner\"><img decoding=\"async\" class=\"swiper-slide-image\" src=\"https:\/\/fundaciongloriakriete.org\/wp-content\/uploads\/2025\/03\/FOTO-17.png\" alt=\"FOTO 17\" \/><\/figure><\/div><div class=\"swiper-slide\" role=\"group\" aria-roledescription=\"slide\" aria-label=\"3 of 7\"><figure class=\"swiper-slide-inner\"><img decoding=\"async\" class=\"swiper-slide-image\" src=\"https:\/\/fundaciongloriakriete.org\/wp-content\/uploads\/2025\/03\/FOTO-19.png\" alt=\"FOTO 19\" \/><\/figure><\/div><div class=\"swiper-slide\" role=\"group\" aria-roledescription=\"slide\" aria-label=\"4 of 7\"><figure class=\"swiper-slide-inner\"><img decoding=\"async\" class=\"swiper-slide-image\" src=\"https:\/\/fundaciongloriakriete.org\/wp-content\/uploads\/2025\/03\/FOTO-26.png\" alt=\"FOTO 26\" \/><\/figure><\/div><div class=\"swiper-slide\" role=\"group\" aria-roledescription=\"slide\" aria-label=\"5 of 7\"><figure class=\"swiper-slide-inner\"><img decoding=\"async\" class=\"swiper-slide-image\" src=\"https:\/\/fundaciongloriakriete.org\/wp-content\/uploads\/2025\/03\/FOTO-27.png\" alt=\"FOTO 27\" \/><\/figure><\/div><div class=\"swiper-slide\" role=\"group\" aria-roledescription=\"slide\" aria-label=\"6 of 7\"><figure class=\"swiper-slide-inner\"><img decoding=\"async\" class=\"swiper-slide-image\" src=\"https:\/\/fundaciongloriakriete.org\/wp-content\/uploads\/2025\/03\/FOTO-28.png\" alt=\"FOTO 28\" \/><\/figure><\/div><div class=\"swiper-slide\" role=\"group\" aria-roledescription=\"slide\" aria-label=\"7 of 7\"><figure class=\"swiper-slide-inner\"><img decoding=\"async\" class=\"swiper-slide-image\" src=\"https:\/\/fundaciongloriakriete.org\/wp-content\/uploads\/2025\/03\/FOTO-29.png\" alt=\"FOTO 29\" \/><\/figure><\/div>\t\t\t<\/div>\n\t\t\t\t\t\t\t\t\t\t\t\t<div class=\"elementor-swiper-button elementor-swiper-button-prev\" role=\"button\" tabindex=\"0\">\n\t\t\t\t\t\t<i aria-hidden=\"true\" class=\"eicon-chevron-left\"><\/i>\t\t\t\t\t<\/div>\n\t\t\t\t\t<div class=\"elementor-swiper-button elementor-swiper-button-next\" role=\"button\" tabindex=\"0\">\n\t\t\t\t\t\t<i aria-hidden=\"true\" class=\"eicon-chevron-right\"><\/i>\t\t\t\t\t<\/div>\n\t\t\t\t\n\t\t\t\t\t\t\t\t\t<div class=\"swiper-pagination\"><\/div>\n\t\t\t\t\t\t\t\t\t<\/div>\n\t\t\t\t\t\t<\/div>\n\t\t\t\t<\/div>\n\t\t\t\t\t<\/div>\n\t\t<\/div>\n\t\t\t\t\t<\/div>\n\t\t<\/section>\n\t\t\t\t<\/div>","protected":false},"excerpt":{"rendered":"<p>APRENDAMOS JUNTOS CON AGAPE El programa Aprendamos Juntos se implementa en zonas rurales de Sonsonate y Ahuachap\u00e1n, enfoc\u00e1ndose en el desarrollo infantil de comunidades espec\u00edficas. Ofrece estimulaci\u00f3n oportuna y educaci\u00f3n inicial a ni\u00f1os desde el nacimiento hasta los seis a\u00f1os, potenciando \u00e1reas clave como lenguaje, socio afectividad, psicomotricidad fina y gruesa, y sensopercepci\u00f3n.\u00a0 La estimulaci\u00f3n [&hellip;]<\/p>","protected":false},"author":1,"featured_media":0,"parent":0,"menu_order":0,"comment_status":"closed","ping_status":"closed","template":"elementor_header_footer","meta":{"om_disable_all_campaigns":false,"_monsterinsights_skip_tracking":false,"_monsterinsights_sitenote_active":false,"_monsterinsights_sitenote_note":"","_monsterinsights_sitenote_category":0,"_uf_show_specific_survey":0,"_uf_disable_surveys":false,"footnotes":""},"class_list":["post-1726","page","type-page","status-publish","hentry"],"yoast_head":"<!-- This site is optimized with the Yoast SEO plugin v21.0 - https:\/\/yoast.com\/wordpress\/plugins\/seo\/ -->\n<title>Aprendamos Juntos - FGK<\/title>\n<meta name=\"robots\" content=\"index, follow, max-snippet:-1, max-image-preview:large, max-video-preview:-1\" \/>\n<link rel=\"canonical\" href=\"https:\/\/fundaciongloriakriete.org\/en_us\/programa-aprendamos-juntos\/\" \/>\n<meta property=\"og:locale\" content=\"en_US\" \/>\n<meta property=\"og:type\" content=\"article\" \/>\n<meta property=\"og:title\" content=\"Aprendamos Juntos - FGK\" \/>\n<meta property=\"og:description\" content=\"APRENDAMOS JUNTOS CON AGAPE El programa Aprendamos Juntos se implementa en zonas rurales de Sonsonate y Ahuachap\u00e1n, enfoc\u00e1ndose en el desarrollo infantil de comunidades espec\u00edficas. Ofrece estimulaci\u00f3n oportuna y educaci\u00f3n inicial a ni\u00f1os desde el nacimiento hasta los seis a\u00f1os, potenciando \u00e1reas clave como lenguaje, socio afectividad, psicomotricidad fina y gruesa, y sensopercepci\u00f3n.\u00a0 La estimulaci\u00f3n [&hellip;]\" \/>\n<meta property=\"og:url\" content=\"https:\/\/fundaciongloriakriete.org\/en_us\/programa-aprendamos-juntos\/\" \/>\n<meta property=\"og:site_name\" content=\"FGK\" \/>\n<meta property=\"article:modified_time\" content=\"2026-03-10T23:23:51+00:00\" \/>\n<meta property=\"og:image\" content=\"https:\/\/fundaciongloriakriete.org\/wp-content\/uploads\/2026\/03\/APRENDAMOS-JUNTOS.jpg\" \/>\n<meta name=\"twitter:card\" content=\"summary_large_image\" \/>\n<meta name=\"twitter:label1\" content=\"Est. reading time\" \/>\n\t<meta name=\"twitter:data1\" content=\"4 minutes\" \/>\n<script type=\"application\/ld+json\" class=\"yoast-schema-graph\">{\"@context\":\"https:\/\/schema.org\",\"@graph\":[{\"@type\":\"WebPage\",\"@id\":\"https:\/\/fundaciongloriakriete.org\/programa-aprendamos-juntos\/\",\"url\":\"https:\/\/fundaciongloriakriete.org\/programa-aprendamos-juntos\/\",\"name\":\"Aprendamos Juntos - FGK\",\"isPartOf\":{\"@id\":\"https:\/\/fundaciongloriakriete.org\/#website\"},\"datePublished\":\"2022-11-08T02:30:13+00:00\",\"dateModified\":\"2026-03-10T23:23:51+00:00\",\"breadcrumb\":{\"@id\":\"https:\/\/fundaciongloriakriete.org\/programa-aprendamos-juntos\/#breadcrumb\"},\"inLanguage\":\"en-US\",\"potentialAction\":[{\"@type\":\"ReadAction\",\"target\":[\"https:\/\/fundaciongloriakriete.org\/programa-aprendamos-juntos\/\"]}]},{\"@type\":\"BreadcrumbList\",\"@id\":\"https:\/\/fundaciongloriakriete.org\/programa-aprendamos-juntos\/#breadcrumb\",\"itemListElement\":[{\"@type\":\"ListItem\",\"position\":1,\"name\":\"Portada\",\"item\":\"https:\/\/fundaciongloriakriete.org\/\"},{\"@type\":\"ListItem\",\"position\":2,\"name\":\"Aprendamos Juntos\"}]},{\"@type\":\"WebSite\",\"@id\":\"https:\/\/fundaciongloriakriete.org\/#website\",\"url\":\"https:\/\/fundaciongloriakriete.org\/\",\"name\":\"FGK\",\"description\":\"Fundaci\u00f3n Gloria Kriete\",\"publisher\":{\"@id\":\"https:\/\/fundaciongloriakriete.org\/#organization\"},\"potentialAction\":[{\"@type\":\"SearchAction\",\"target\":{\"@type\":\"EntryPoint\",\"urlTemplate\":\"https:\/\/fundaciongloriakriete.org\/?s={search_term_string}\"},\"query-input\":\"required name=search_term_string\"}],\"inLanguage\":\"en-US\"},{\"@type\":\"Organization\",\"@id\":\"https:\/\/fundaciongloriakriete.org\/#organization\",\"name\":\"FGK\",\"url\":\"https:\/\/fundaciongloriakriete.org\/\",\"logo\":{\"@type\":\"ImageObject\",\"inLanguage\":\"en-US\",\"@id\":\"https:\/\/fundaciongloriakriete.org\/#\/schema\/logo\/image\/\",\"url\":\"https:\/\/fundaciongloriakriete.org\/wp-content\/uploads\/2022\/10\/Horizontal02.png\",\"contentUrl\":\"https:\/\/fundaciongloriakriete.org\/wp-content\/uploads\/2022\/10\/Horizontal02.png\",\"width\":1366,\"height\":520,\"caption\":\"FGK\"},\"image\":{\"@id\":\"https:\/\/fundaciongloriakriete.org\/#\/schema\/logo\/image\/\"}}]}<\/script>\n<!-- \/ Yoast SEO plugin. -->","yoast_head_json":{"title":"Aprendamos Juntos - FGK","robots":{"index":"index","follow":"follow","max-snippet":"max-snippet:-1","max-image-preview":"max-image-preview:large","max-video-preview":"max-video-preview:-1"},"canonical":"https:\/\/fundaciongloriakriete.org\/en_us\/programa-aprendamos-juntos\/","og_locale":"en_US","og_type":"article","og_title":"Aprendamos Juntos - FGK","og_description":"APRENDAMOS JUNTOS CON AGAPE El programa Aprendamos Juntos se implementa en zonas rurales de Sonsonate y Ahuachap\u00e1n, enfoc\u00e1ndose en el desarrollo infantil de comunidades espec\u00edficas. Ofrece estimulaci\u00f3n oportuna y educaci\u00f3n inicial a ni\u00f1os desde el nacimiento hasta los seis a\u00f1os, potenciando \u00e1reas clave como lenguaje, socio afectividad, psicomotricidad fina y gruesa, y sensopercepci\u00f3n.\u00a0 La estimulaci\u00f3n [&hellip;]","og_url":"https:\/\/fundaciongloriakriete.org\/en_us\/programa-aprendamos-juntos\/","og_site_name":"FGK","article_modified_time":"2026-03-10T23:23:51+00:00","og_image":[{"url":"https:\/\/fundaciongloriakriete.org\/wp-content\/uploads\/2026\/03\/APRENDAMOS-JUNTOS.jpg"}],"twitter_card":"summary_large_image","twitter_misc":{"Est. reading time":"4 minutes"},"schema":{"@context":"https:\/\/schema.org","@graph":[{"@type":"WebPage","@id":"https:\/\/fundaciongloriakriete.org\/programa-aprendamos-juntos\/","url":"https:\/\/fundaciongloriakriete.org\/programa-aprendamos-juntos\/","name":"Aprendamos Juntos - FGK","isPartOf":{"@id":"https:\/\/fundaciongloriakriete.org\/#website"},"datePublished":"2022-11-08T02:30:13+00:00","dateModified":"2026-03-10T23:23:51+00:00","breadcrumb":{"@id":"https:\/\/fundaciongloriakriete.org\/programa-aprendamos-juntos\/#breadcrumb"},"inLanguage":"en-US","potentialAction":[{"@type":"ReadAction","target":["https:\/\/fundaciongloriakriete.org\/programa-aprendamos-juntos\/"]}]},{"@type":"BreadcrumbList","@id":"https:\/\/fundaciongloriakriete.org\/programa-aprendamos-juntos\/#breadcrumb","itemListElement":[{"@type":"ListItem","position":1,"name":"Portada","item":"https:\/\/fundaciongloriakriete.org\/"},{"@type":"ListItem","position":2,"name":"Aprendamos Juntos"}]},{"@type":"WebSite","@id":"https:\/\/fundaciongloriakriete.org\/#website","url":"https:\/\/fundaciongloriakriete.org\/","name":"FGK","description":"Fundaci\u00f3n Gloria Kriete","publisher":{"@id":"https:\/\/fundaciongloriakriete.org\/#organization"},"potentialAction":[{"@type":"SearchAction","target":{"@type":"EntryPoint","urlTemplate":"https:\/\/fundaciongloriakriete.org\/?s={search_term_string}"},"query-input":"required name=search_term_string"}],"inLanguage":"en-US"},{"@type":"Organization","@id":"https:\/\/fundaciongloriakriete.org\/#organization","name":"FGK","url":"https:\/\/fundaciongloriakriete.org\/","logo":{"@type":"ImageObject","inLanguage":"en-US","@id":"https:\/\/fundaciongloriakriete.org\/#\/schema\/logo\/image\/","url":"https:\/\/fundaciongloriakriete.org\/wp-content\/uploads\/2022\/10\/Horizontal02.png","contentUrl":"https:\/\/fundaciongloriakriete.org\/wp-content\/uploads\/2022\/10\/Horizontal02.png","width":1366,"height":520,"caption":"FGK"},"image":{"@id":"https:\/\/fundaciongloriakriete.org\/#\/schema\/logo\/image\/"}}]}},"_links":{"self":[{"href":"https:\/\/fundaciongloriakriete.org\/en_us\/wp-json\/wp\/v2\/pages\/1726","targetHints":{"allow":["GET"]}}],"collection":[{"href":"https:\/\/fundaciongloriakriete.org\/en_us\/wp-json\/wp\/v2\/pages"}],"about":[{"href":"https:\/\/fundaciongloriakriete.org\/en_us\/wp-json\/wp\/v2\/types\/page"}],"author":[{"embeddable":true,"href":"https:\/\/fundaciongloriakriete.org\/en_us\/wp-json\/wp\/v2\/users\/1"}],"replies":[{"embeddable":true,"href":"https:\/\/fundaciongloriakriete.org\/en_us\/wp-json\/wp\/v2\/comments?post=1726"}],"version-history":[{"count":201,"href":"https:\/\/fundaciongloriakriete.org\/en_us\/wp-json\/wp\/v2\/pages\/1726\/revisions"}],"predecessor-version":[{"id":20108,"href":"https:\/\/fundaciongloriakriete.org\/en_us\/wp-json\/wp\/v2\/pages\/1726\/revisions\/20108"}],"wp:attachment":[{"href":"https:\/\/fundaciongloriakriete.org\/en_us\/wp-json\/wp\/v2\/media?parent=1726"}],"curies":[{"name":"wp","href":"https:\/\/api.w.org\/{rel}","templated":true}]}}